{"id":1531,"date":"2021-03-25T15:55:05","date_gmt":"2021-03-25T15:55:05","guid":{"rendered":"http:\/\/coopvouzela.pt\/?page_id=1531"},"modified":"2021-03-25T15:55:05","modified_gmt":"2021-03-25T15:55:05","slug":"projecto","status":"publish","type":"page","link":"https:\/\/coopvouzela.pt\/?page_id=1531","title":{"rendered":"Projecto"},"content":{"rendered":"<p><strong><u><img fetchpriority=\"high\" decoding=\"async\" class=\"alignnone size-large wp-image-1532\" src=\"http:\/\/coopvouzela.pt\/wp-content\/uploads\/2021\/03\/POCentro_PT2020_FEDER-1024x155.jpg\" alt=\"\" width=\"760\" height=\"115\" srcset=\"https:\/\/coopvouzela.pt\/wp-content\/uploads\/2021\/03\/POCentro_PT2020_FEDER-1024x155.jpg 1024w, https:\/\/coopvouzela.pt\/wp-content\/uploads\/2021\/03\/POCentro_PT2020_FEDER-300x45.jpg 300w, https:\/\/coopvouzela.pt\/wp-content\/uploads\/2021\/03\/POCentro_PT2020_FEDER-768x116.jpg 768w, https:\/\/coopvouzela.pt\/wp-content\/uploads\/2021\/03\/POCentro_PT2020_FEDER-1536x232.jpg 1536w, https:\/\/coopvouzela.pt\/wp-content\/uploads\/2021\/03\/POCentro_PT2020_FEDER.jpg 1775w\" sizes=\"(max-width: 760px) 100vw, 760px\" \/><\/p>\n<p>Designa\u00e7\u00e3o do projeto<\/u><\/strong> | Moderniza\u00e7\u00e3o Comercial da CAV, CRL<\/p>\n<p><strong><u>C\u00f3digo do projeto<\/u><\/strong> | CENTRO-04-3827-FEDER-001382<\/p>\n<p><strong><u>Objetivo principal<\/u> | <\/strong>Refor\u00e7ar a competitividade das pequenas e m\u00e9dias empresas<\/p>\n<p><strong><u>Regi\u00e3o de interven\u00e7\u00e3o<\/u><\/strong> | Centro<\/p>\n<p><strong><u>Entidade benefici\u00e1ria<\/u><\/strong> | Cooperativa Agr\u00edcola de Vouzela, CRL<\/p>\n<p><strong><u>Data de aprova\u00e7\u00e3o<\/u><\/strong> | 12-11-2018<\/p>\n<p><strong><u>Data de in\u00edcio<\/u><\/strong>| 02\u201405-20218<\/p>\n<p><strong><u>Data de conclus\u00e3o<\/u><\/strong> | 01-11-2020<\/p>\n<p><strong><u>Custo total eleg\u00edvel<\/u><\/strong> | 234.180, 00 euros<\/p>\n<p><strong><u>Apoio financeiro da Uni\u00e3o Europeia<\/u><\/strong> | 117.090, 00 euros<\/p>\n<p><strong><u>Descri\u00e7\u00e3o do projeto<\/u><\/strong><\/p>\n<p>Com este projeto, a CAV, CRL pretende modernizar a loja e a zona de atendimento ao publico. Atualmente a Cooperativa trabalha em condi\u00e7\u00f5es muito pouco adequadas \u00e0 realidade atual, carece urgentemente de:<\/p>\n<ul>\n<li>Uma remodela\u00e7\u00e3o profunda de espa\u00e7os comerciais, administrativos e de atendimento ao cliente<\/li>\n<li>Renovar equipamentos b\u00e1sicos: leitores de c\u00f3digos de barras, equipamento de movimenta\u00e7\u00e3o de cargas (armaz\u00e9m que a empresa possui na Zona Industrial de Monte Cavalo), modernizar os equipamentos de armazenamento (estantaria), implementar sistemas de seguran\u00e7a<\/li>\n<li>Melhorar ferramentas de comunica\u00e7\u00e3o com o mercado (site, plano de marketing e comunica\u00e7\u00e3o)<\/li>\n<li>Adquirir um ve\u00edculo, que lhe permita desempenhar 2 fun\u00e7\u00f5es:<\/li>\n<li>Entregar mercadorias no cliente. trata-se de um servi\u00e7o que poder\u00e1 parecer um pouco despiciendo, mas que numa regi\u00e3o envelhecida como Vouzela (e restantes concelhos de atua\u00e7\u00e3o da CAV) \u00e9 de primordial import\u00e2ncia, e que a Cooperativa se sente na obriga\u00e7\u00e3o de cumprir de forma mais efetiva que o que faz agora.<\/li>\n<li>Garantir maior proximidade nos servi\u00e7os de veterin\u00e1ria, e de sanidade animal, que a CAV atualmente tamb\u00e9m j\u00e1 faz, mas recorrendo a prestadores externos.<\/li>\n<\/ul>\n","protected":false},"excerpt":{"rendered":"<p>Designa\u00e7\u00e3o do projeto | Moderniza\u00e7\u00e3o Comercial da CAV, CRL C\u00f3digo do projeto | CENTRO-04-3827-FEDER-001382 Objetivo principal | Refor\u00e7ar a competitividade das pequenas e m\u00e9dias empresas Regi\u00e3o de interven\u00e7\u00e3o | Centro Entidade benefici\u00e1ria | Cooperativa Agr\u00edcola de Vouzela, CRL Data de aprova\u00e7\u00e3o | 12-11-2018 Data de in\u00edcio| 02\u201405-20218 Data de conclus\u00e3o | 01-11-2020 Custo total eleg\u00edvel [&hellip;]<\/p>\n","protected":false},"author":1,"featured_media":0,"parent":0,"menu_order":0,"comment_status":"closed","ping_status":"open","template":"","meta":{"footnotes":""},"class_list":["post-1531","page","type-page","status-publish","hentry"],"_links":{"self":[{"href":"https:\/\/coopvouzela.pt\/index.php?rest_route=\/wp\/v2\/pages\/1531","targetHints":{"allow":["GET"]}}],"collection":[{"href":"https:\/\/coopvouzela.pt\/index.php?rest_route=\/wp\/v2\/pages"}],"about":[{"href":"https:\/\/coopvouzela.pt\/index.php?rest_route=\/wp\/v2\/types\/page"}],"author":[{"embeddable":true,"href":"https:\/\/coopvouzela.pt\/index.php?rest_route=\/wp\/v2\/users\/1"}],"replies":[{"embeddable":true,"href":"https:\/\/coopvouzela.pt\/index.php?rest_route=%2Fwp%2Fv2%2Fcomments&post=1531"}],"version-history":[{"count":1,"href":"https:\/\/coopvouzela.pt\/index.php?rest_route=\/wp\/v2\/pages\/1531\/revisions"}],"predecessor-version":[{"id":1533,"href":"https:\/\/coopvouzela.pt\/index.php?rest_route=\/wp\/v2\/pages\/1531\/revisions\/1533"}],"wp:attachment":[{"href":"https:\/\/coopvouzela.pt\/index.php?rest_route=%2Fwp%2Fv2%2Fmedia&parent=1531"}],"curies":[{"name":"wp","href":"https:\/\/api.w.org\/{rel}","templated":true}]}}